{"id":30,"date":"2025-08-07T16:21:23","date_gmt":"2025-08-07T14:21:23","guid":{"rendered":"http:\/\/haras.dutrianglevert.fr\/?page_id=30"},"modified":"2025-09-29T17:31:59","modified_gmt":"2025-09-29T15:31:59","slug":"mon-parcours","status":"publish","type":"page","link":"https:\/\/haras.dutrianglevert.fr\/index.php\/mon-parcours\/","title":{"rendered":"Mon parcours"},"content":{"rendered":"\t\t<div data-elementor-type=\"wp-page\" data-elementor-id=\"30\" class=\"elementor elementor-30\" data-elementor-post-type=\"page\">\n\t\t\t\t<div class=\"elementor-element elementor-element-59cfef5 e-flex e-con-boxed e-con e-parent\" data-id=\"59cfef5\" data-element_type=\"container\" data-e-type=\"container\" data-settings=\"{&quot;background_background&quot;:&quot;classic&quot;}\">\n\t\t\t\t\t<div class=\"e-con-inner\">\n\t\t<div class=\"elementor-element elementor-element-9b6d60e e-flex e-con-boxed e-con e-child\" data-id=\"9b6d60e\" data-element_type=\"container\" data-e-type=\"container\">\n\t\t\t\t\t<div class=\"e-con-inner\">\n\t\t<div class=\"elementor-element elementor-element-ddb5b98 e-con-full e-flex e-con e-child\" data-id=\"ddb5b98\" data-element_type=\"container\" data-e-type=\"container\">\n\t\t\t\t<div class=\"elementor-element elementor-element-38f499a elementor-widget elementor-widget-image\" data-id=\"38f499a\" data-element_type=\"widget\" data-e-type=\"widget\" data-widget_type=\"image.default\">\n\t\t\t\t\t\t\t\t\t\t\t\t\t\t\t<img fetchpriority=\"high\" decoding=\"async\" width=\"800\" height=\"681\" src=\"https:\/\/haras.dutrianglevert.fr\/wp-content\/uploads\/2025\/09\/Dolce-Lady-et-moi.jpg\" class=\"attachment-large size-large wp-image-767\" alt=\"\" \/>\t\t\t\t\t\t\t\t\t\t\t\t\t\t\t<\/div>\n\t\t\t\t<\/div>\n\t\t\t\t<div class=\"elementor-element elementor-element-73bbda0 elementor-view-default elementor-position-block-start elementor-mobile-position-block-start elementor-widget elementor-widget-icon-box\" data-id=\"73bbda0\" data-element_type=\"widget\" data-e-type=\"widget\" data-widget_type=\"icon-box.default\">\n\t\t\t\t\t\t\t<div class=\"elementor-icon-box-wrapper\">\n\n\t\t\t\t\t\t<div class=\"elementor-icon-box-icon\">\n\t\t\t\t<span  class=\"elementor-icon\">\n\t\t\t\t<svg aria-hidden=\"true\" class=\"e-font-icon-svg e-fas-horse\" viewBox=\"0 0 576 512\" xmlns=\"http:\/\/www.w3.org\/2000\/svg\"><path d=\"M575.92 76.6c-.01-8.13-3.02-15.87-8.58-21.8-3.78-4.03-8.58-9.12-13.69-14.5 11.06-6.84 19.5-17.49 22.18-30.66C576.85 4.68 572.96 0 567.9 0H447.92c-70.69 0-128 57.31-128 128H160c-28.84 0-54.4 12.98-72 33.11V160c-48.53 0-88 39.47-88 88v56c0 8.84 7.16 16 16 16h16c8.84 0 16-7.16 16-16v-56c0-13.22 6.87-24.39 16.78-31.68-.21 2.58-.78 5.05-.78 7.68 0 27.64 11.84 52.36 30.54 69.88l-25.72 68.6a63.945 63.945 0 0 0-2.16 37.99l24.85 99.41A15.982 15.982 0 0 0 107.02 512h65.96c10.41 0 18.05-9.78 15.52-19.88l-26.31-105.26 23.84-63.59L320 345.6V496c0 8.84 7.16 16 16 16h64c8.84 0 16-7.16 16-16V318.22c19.74-20.19 32-47.75 32-78.22 0-.22-.07-.42-.08-.64V136.89l16 7.11 18.9 37.7c7.45 14.87 25.05 21.55 40.49 15.37l32.55-13.02a31.997 31.997 0 0 0 20.12-29.74l-.06-77.71zm-64 19.4c-8.84 0-16-7.16-16-16s7.16-16 16-16 16 7.16 16 16-7.16 16-16 16z\"><\/path><\/svg>\t\t\t\t<\/span>\n\t\t\t<\/div>\n\t\t\t\n\t\t\t\t\t\t<div class=\"elementor-icon-box-content\">\n\n\t\t\t\t\t\t\t\t\t<h3 class=\"elementor-icon-box-title\">\n\t\t\t\t\t\t<span  >\n\t\t\t\t\t\t\tPortrait\t\t\t\t\t\t<\/span>\n\t\t\t\t\t<\/h3>\n\t\t\t\t\n\t\t\t\t\t\t\t\t\t<p class=\"elementor-icon-box-description\">\n\t\t\t\t\t\t<h2><img decoding=\"async\" role=\"img\" class=\"emoji\" alt=\"\u270d\ufe0f\" src=\"https:\/\/s.w.org\/images\/core\/emoji\/16.0.1\/svg\/270d.svg\"><span style=\"font-size: 33px\">&nbsp;Une passion, un engagement<\/span><span style=\"font-size: 33px\"><\/span><\/h2>\t\t\t\t\t<\/p>\n\t\t\t\t\n\t\t\t<\/div>\n\t\t\t\n\t\t<\/div>\n\t\t\t\t\t\t<\/div>\n\t\t<div class=\"elementor-element elementor-element-9bae01b e-flex e-con-boxed e-con e-child\" data-id=\"9bae01b\" data-element_type=\"container\" data-e-type=\"container\">\n\t\t\t\t\t<div class=\"e-con-inner\">\n\t\t\t\t<div class=\"elementor-element elementor-element-429a8c2 elementor-widget elementor-widget-text-editor\" data-id=\"429a8c2\" data-element_type=\"widget\" data-e-type=\"widget\" data-widget_type=\"text-editor.default\">\n\t\t\t\t\t\t\t\t\t<p>Je<strong> m\u2019appelle Aur\u00e9lie Davaze<\/strong>, fondatrice et g\u00e9rante du <strong>Haras du Triangle Vert<\/strong>. Aujourd\u2019hui, <strong>je travaille seule au haras<\/strong>, avec une passion intacte, une exigence assum\u00e9e et une volont\u00e9 profonde de faire les choses bien : pour les chevaux, pour leur avenir \u00e0 c\u00f4t\u00e9 de leur futur propri\u00e9taire, et pour <strong>ma famille qui me soutient au quotidien<\/strong>.<\/p><p><strong>Mon parcours est \u00e0 la fois technique, humain et engag\u00e9.<\/strong> Tout commence en 2010 avec la cr\u00e9ation de <strong>l\u2019\u00c9curie du Triangle Vert en Essonne<\/strong>, une \u00e9curie de propri\u00e9taires port\u00e9e pendant plus de 14 ans. Ce lieu m\u2019a permis de grandir en tant que <strong>cavali\u00e8re, enseignante, \u00e9leveuse et responsable.<\/strong><\/p><p>En octobre 2024, une nouvelle \u00e9tape s\u2019est impos\u00e9e : <strong>restructurer l\u2019ensemble<\/strong> et m\u2019installer en <strong>Sarthe<\/strong> pour me consacrer pleinement \u00e0 <strong>l\u2019\u00e9levage de chevaux hanovriens de Dressage de qualit\u00e9<\/strong>.<\/p><p><strong>Aujourd\u2019hui, cavali\u00e8re professionnelle de dressage<\/strong>, engag\u00e9e sur le <strong>circuit Pro 2<\/strong> et en <strong>Classique Jeunes Chevaux<\/strong>, j\u2019accorde une attention particuli\u00e8re \u00e0 la <strong>construction mentale et physique de chaque cheval<\/strong>. Mon exp\u00e9rience pass\u00e9e en <strong>CSO et concours complet<\/strong> m\u2019a donn\u00e9 une <strong>vision globale du sport<\/strong> et une <strong>capacit\u00e9 d\u2019adaptation pr\u00e9cieuse<\/strong> dans le travail quotidien.<\/p><p>En parall\u00e8le, j\u2019exerce comme <strong>enseignante ind\u00e9pendante<\/strong>, titulaire du <strong>BPJEPS\u00a0 d\u2019\u00c9quitation depuis 2011<\/strong>, <strong>juge de Dressage et de CSO<\/strong>, <strong>chef de piste<\/strong>, et dipl\u00f4m\u00e9e de <strong>l\u2019EMLV (\u00c9cole de Management L\u00e9onard de Vinci \u00e0 Paris, Master 2 en contr\u00f4le de gestion)<\/strong>. Ces comp\u00e9tences me permettent de piloter le haras dans toutes ses dimensions : <strong>comptabilit\u00e9, fiscalit\u00e9, juridique, communication, ressources humaines et organisation.<\/strong><\/p><p>En 2011, mon projet a \u00e9t\u00e9 r\u00e9compens\u00e9 par le <strong>Prix Espoirs du Meilleur Entrepreneur d\u2019Essonne<\/strong>, remis par la <strong>CCI<\/strong>, pour son approche <strong>inclusive et innovante.<\/strong><\/p><p>Une nouvelle \u00e9tape se pr\u00e9pare avec la <strong>formation dipl\u00f4mante d\u2019ins\u00e9minateur \u00e9quin \u00e0 l\u2019IFCE<\/strong>, pr\u00e9vue de <strong>d\u00e9cembre 2025 \u00e0 mars 2026<\/strong>, afin de renforcer mes connaissances et <strong>l\u2019autonomie du haras, <\/strong>en collaboration avec les v\u00e9t\u00e9rinaires de<strong> la clinique \u00e9quine de Montfort.<\/strong><\/p><div>\u00a0<\/div><h3><em>\u00a0 \u00a0 \u00a0 \u00a0 \u00a0 \u00a0 \u00a0 \u00a0 \u00a0 \ud83e\udd1d Un engagement b\u00e9n\u00e9vole constant<\/em><\/h3><p>Le b\u00e9n\u00e9volat a toujours occup\u00e9 une place centrale dans mon parcours :<\/p><ul><li><p><strong>Pr\u00e9sidente de l\u2019AFEC<\/strong> (Association Fran\u00e7aise des \u00c9tudiants Cavaliers) de <strong>2007 \u00e0 2010<\/strong><\/p><\/li><li><p><strong>Responsable Nationale France au sein de l\u2019AIEC<\/strong> (Association Internationale des \u00c9tudiants Cavaliers), avec l\u2019organisation de deux <strong>Coupes du Monde Universitaires d\u2019\u00c9quitation<\/strong> :<\/p><ul><li><p><strong>2007 au Haras de Jardy<\/strong><\/p><\/li><li><p><strong>2009 \u00e0 Bourg-en-Bresse<\/strong><\/p><\/li><\/ul><\/li><li><p><strong>Responsable technique d\u2019\u00c9quitation pour la r\u00e9gion \u00cele-de-France<\/strong> pour la <strong>FFSU<\/strong> (F\u00e9d\u00e9ration Fran\u00e7aise du Sport Universitaire) de <strong>2004 \u00e0 2008<\/strong><\/p><\/li><li><p><strong>Capitaine de l\u2019\u00e9quipe universitaire d\u2019\u00e9quitation<\/strong> (BDS du P\u00f4le Universitaire L\u00e9onard de Vinci \u00e0 Paris) de <strong>2004 \u00e0 2008<\/strong><\/p><\/li><li><p><strong>\u00c9lue \u00e0 la Chambre d\u2019Agriculture d\u2019\u00cele-de-France<\/strong>, au sein du <strong>groupe \u00e9quin<\/strong>, pour d\u00e9fendre les int\u00e9r\u00eats de notre fili\u00e8re (<strong>2013\u20132019<\/strong>)<\/p><\/li><\/ul><div>\u00a0<\/div><p><strong>Toutes ces exp\u00e9riences m\u2019ont appris \u00e0 structurer, anticiper, f\u00e9d\u00e9rer.<\/strong> Elles m\u2019ont aussi donn\u00e9 une vision plus large de notre m\u00e9tier : <strong>un m\u00e9tier de passion, mais aussi de responsabilit\u00e9.<\/strong><\/p><p>Aujourd\u2019hui, je continue d\u2019avancer avec <strong>humilit\u00e9 et d\u00e9termination.<\/strong> Le Haras du Triangle Vert est un projet <strong>vivant, familial, exigeant, \u00e0 mon image.<\/strong> Chaque cheval qui y na\u00eet ou y grandit est accompagn\u00e9 avec <strong>soin, patience, respect\u2026 et amour.<\/strong><\/p>\t\t\t\t\t\t\t\t<\/div>\n\t\t\t\t<div class=\"elementor-element elementor-element-f783c4b elementor-widget elementor-widget-image\" data-id=\"f783c4b\" data-element_type=\"widget\" data-e-type=\"widget\" data-widget_type=\"image.default\">\n\t\t\t\t\t\t\t\t\t\t\t\t\t\t\t<img decoding=\"async\" width=\"635\" height=\"561\" src=\"https:\/\/haras.dutrianglevert.fr\/wp-content\/uploads\/2025\/09\/Digge.jpg\" class=\"attachment-medium_large size-medium_large wp-image-763\" alt=\"\" \/>\t\t\t\t\t\t\t\t\t\t\t\t\t\t\t<\/div>\n\t\t\t\t\t<\/div>\n\t\t\t\t<\/div>\n\t\t\t\t\t<\/div>\n\t\t\t\t<\/div>\n\t\t\t\t\t<\/div>\n\t\t\t\t<\/div>\n\t\t<div class=\"elementor-element elementor-element-3a07490 e-flex e-con-boxed e-con e-parent\" data-id=\"3a07490\" data-element_type=\"container\" data-e-type=\"container\">\n\t\t\t\t\t<div class=\"e-con-inner\">\n\t\t\t\t<div class=\"elementor-element elementor-element-8cb82b8 elementor-fixed elementor-view-default elementor-invisible elementor-widget elementor-widget-icon\" data-id=\"8cb82b8\" data-element_type=\"widget\" data-e-type=\"widget\" data-settings=\"{&quot;_position&quot;:&quot;fixed&quot;,&quot;_animation&quot;:&quot;fadeInUp&quot;}\" data-widget_type=\"icon.default\">\n\t\t\t\t\t\t\t<div class=\"elementor-icon-wrapper\">\n\t\t\t<a class=\"elementor-icon\" href=\"#top\">\n\t\t\t<svg aria-hidden=\"true\" class=\"e-font-icon-svg e-fas-arrow-alt-circle-up\" viewBox=\"0 0 512 512\" xmlns=\"http:\/\/www.w3.org\/2000\/svg\"><path d=\"M8 256C8 119 119 8 256 8s248 111 248 248-111 248-248 248S8 393 8 256zm292 116V256h70.9c10.7 0 16.1-13 8.5-20.5L264.5 121.2c-4.7-4.7-12.2-4.7-16.9 0l-115 114.3c-7.6 7.6-2.2 20.5 8.5 20.5H212v116c0 6.6 5.4 12 12 12h64c6.6 0 12-5.4 12-12z\"><\/path><\/svg>\t\t\t<\/a>\n\t\t<\/div>\n\t\t\t\t\t\t<\/div>\n\t\t\t\t\t<\/div>\n\t\t\t\t<\/div>\n\t\t\t\t<\/div>\n\t\t","protected":false},"excerpt":{"rendered":"<p>Portrait &nbsp;Une passion, un engagement Je m\u2019appelle Aur\u00e9lie Davaze, fondatrice et g\u00e9rante du Haras du Triangle Vert. Aujourd\u2019hui, je travaille seule au haras, avec une passion intacte, une exigence assum\u00e9e et une volont\u00e9 profonde de faire les choses bien : pour les chevaux, pour leur avenir \u00e0 c\u00f4t\u00e9 de leur futur propri\u00e9taire, et pour ma [&hellip;]<\/p>\n","protected":false},"author":1,"featured_media":0,"parent":0,"menu_order":0,"comment_status":"closed","ping_status":"closed","template":"","meta":{"footnotes":""},"class_list":["post-30","page","type-page","status-publish","hentry"],"_links":{"self":[{"href":"https:\/\/haras.dutrianglevert.fr\/index.php\/wp-json\/wp\/v2\/pages\/30","targetHints":{"allow":["GET"]}}],"collection":[{"href":"https:\/\/haras.dutrianglevert.fr\/index.php\/wp-json\/wp\/v2\/pages"}],"about":[{"href":"https:\/\/haras.dutrianglevert.fr\/index.php\/wp-json\/wp\/v2\/types\/page"}],"author":[{"embeddable":true,"href":"https:\/\/haras.dutrianglevert.fr\/index.php\/wp-json\/wp\/v2\/users\/1"}],"replies":[{"embeddable":true,"href":"https:\/\/haras.dutrianglevert.fr\/index.php\/wp-json\/wp\/v2\/comments?post=30"}],"version-history":[{"count":18,"href":"https:\/\/haras.dutrianglevert.fr\/index.php\/wp-json\/wp\/v2\/pages\/30\/revisions"}],"predecessor-version":[{"id":881,"href":"https:\/\/haras.dutrianglevert.fr\/index.php\/wp-json\/wp\/v2\/pages\/30\/revisions\/881"}],"wp:attachment":[{"href":"https:\/\/haras.dutrianglevert.fr\/index.php\/wp-json\/wp\/v2\/media?parent=30"}],"curies":[{"name":"wp","href":"https:\/\/api.w.org\/{rel}","templated":true}]}}