{"id":11,"date":"2025-08-07T15:52:18","date_gmt":"2025-08-07T13:52:18","guid":{"rendered":"http:\/\/haras.dutrianglevert.fr\/?page_id=11"},"modified":"2025-12-31T12:41:10","modified_gmt":"2025-12-31T11:41:10","slug":"accueil","status":"publish","type":"page","link":"https:\/\/haras.dutrianglevert.fr\/","title":{"rendered":"Accueil"},"content":{"rendered":"\t\t<div data-elementor-type=\"wp-page\" data-elementor-id=\"11\" class=\"elementor elementor-11\" data-elementor-settings=\"{&quot;scroll_snap&quot;:&quot;yes&quot;}\" data-elementor-post-type=\"page\">\n\t\t\t\t<div class=\"elementor-element elementor-element-bde44bf e-con-full e-flex e-con e-parent\" data-id=\"bde44bf\" data-element_type=\"container\" data-e-type=\"container\" data-settings=\"{&quot;background_background&quot;:&quot;classic&quot;}\">\n\t\t<div class=\"elementor-element elementor-element-8ca5969 e-con-full e-flex e-con e-child\" data-id=\"8ca5969\" data-element_type=\"container\" data-e-type=\"container\">\n\t\t\t\t<div class=\"elementor-element elementor-element-56dbc97 elementor-absolute elementor-widget-tablet__width-initial elementor-widget elementor-widget-image\" data-id=\"56dbc97\" data-element_type=\"widget\" data-e-type=\"widget\" data-settings=\"{&quot;_position&quot;:&quot;absolute&quot;}\" data-widget_type=\"image.default\">\n\t\t\t\t\t\t\t\t\t\t\t\t\t\t\t<img fetchpriority=\"high\" decoding=\"async\" width=\"300\" height=\"300\" src=\"https:\/\/haras.dutrianglevert.fr\/wp-content\/uploads\/2025\/12\/logo-2025-transparent-300x300.png\" class=\"attachment-medium size-medium wp-image-1551\" alt=\"\" srcset=\"https:\/\/haras.dutrianglevert.fr\/wp-content\/uploads\/2025\/12\/logo-2025-transparent-300x300.png 300w, https:\/\/haras.dutrianglevert.fr\/wp-content\/uploads\/2025\/12\/logo-2025-transparent-1024x1024.png 1024w, https:\/\/haras.dutrianglevert.fr\/wp-content\/uploads\/2025\/12\/logo-2025-transparent-150x150.png 150w, https:\/\/haras.dutrianglevert.fr\/wp-content\/uploads\/2025\/12\/logo-2025-transparent-768x768.png 768w, https:\/\/haras.dutrianglevert.fr\/wp-content\/uploads\/2025\/12\/logo-2025-transparent-1536x1536.png 1536w, https:\/\/haras.dutrianglevert.fr\/wp-content\/uploads\/2025\/12\/logo-2025-transparent-2048x2048.png 2048w\" sizes=\"(max-width: 300px) 100vw, 300px\" \/>\t\t\t\t\t\t\t\t\t\t\t\t\t\t\t<\/div>\n\t\t\t\t<div class=\"elementor-element elementor-element-60a8512 elementor-widget__width-inherit elementor-widget-mobile__width-initial elementor-widget elementor-widget-video\" data-id=\"60a8512\" data-element_type=\"widget\" data-e-type=\"widget\" data-settings=\"{&quot;video_type&quot;:&quot;hosted&quot;,&quot;autoplay&quot;:&quot;yes&quot;,&quot;play_on_mobile&quot;:&quot;yes&quot;,&quot;mute&quot;:&quot;yes&quot;}\" data-widget_type=\"video.default\">\n\t\t\t\t\t\t\t<div class=\"e-hosted-video elementor-wrapper elementor-open-inline\">\n\t\t\t\t\t<video class=\"elementor-video\" src=\"https:\/\/haras.dutrianglevert.fr\/wp-content\/uploads\/2025\/12\/Video-presentation-accueil.mp4\" autoplay=\"\" muted=\"muted\" playsinline=\"\" controlsList=\"nodownload\"><\/video>\n\t\t\t\t<\/div>\n\t\t\t\t\t\t<\/div>\n\t\t\t\t<\/div>\n\t\t\t\t<\/div>\n\t\t<div class=\"elementor-element elementor-element-80e0924 e-con-full e-flex elementor-invisible e-con e-parent\" data-id=\"80e0924\" data-element_type=\"container\" data-e-type=\"container\" data-settings=\"{&quot;background_background&quot;:&quot;classic&quot;,&quot;animation&quot;:&quot;slideInDown&quot;,&quot;animation_tablet&quot;:&quot;slideInDown&quot;}\">\n\t\t<div class=\"elementor-element elementor-element-6884e6e e-con-full e-flex e-con e-child\" data-id=\"6884e6e\" data-element_type=\"container\" data-e-type=\"container\" data-settings=\"{&quot;background_background&quot;:&quot;classic&quot;}\">\n\t\t\t\t<div class=\"elementor-element elementor-element-b2c9e3a elementor-flip-box--direction-left elementor-flip-box--3d elementor-absolute elementor-widget__width-initial elementor-flip-box--effect-flip elementor-widget elementor-widget-flip-box\" data-id=\"b2c9e3a\" data-element_type=\"widget\" data-e-type=\"widget\" data-settings=\"{&quot;_position&quot;:&quot;absolute&quot;}\" data-widget_type=\"flip-box.default\">\n\t\t\t\t\t\t\t<div class=\"elementor-flip-box\" tabindex=\"0\">\n\t\t\t<div class=\"elementor-flip-box__layer elementor-flip-box__front\">\n\t\t\t\t<div class=\"elementor-flip-box__layer__overlay\">\n\t\t\t\t\t<div class=\"elementor-flip-box__layer__inner\">\n\t\t\t\t\t\t\t\t\t\t\t\t\t<div class=\"elementor-flip-box__image\">\n\t\t\t\t\t\t\t\t<img decoding=\"async\" width=\"150\" height=\"113\" src=\"https:\/\/haras.dutrianglevert.fr\/wp-content\/uploads\/2025\/08\/Poulain.jpg\" class=\"attachment-thumbnail size-thumbnail wp-image-68\" alt=\"\" \/>\t\t\t\t\t\t\t<\/div>\n\t\t\t\t\t\t\n\t\t\t\t\t\t\t\t\t\t\t\t\t<h1 class=\"elementor-flip-box__layer__title\">\n\t\t\t\t\t\t\t\tChevaux \/ Poulains \u00e0 vendre\t\t\t\t\t\t\t<\/h1>\n\t\t\t\t\t\t\n\t\t\t\t\t\t\t\t\t\t\t\t\t<div class=\"elementor-flip-box__layer__description\">\n\t\t\t\t\t\t\t\tNous proposons des chevaux de sport ainsi que des poulains de qualit\u00e9 en Dressage, \u00e0 r\u00e9server d\u00e8s leur naissance.\t\t\t\t\t\t\t<\/div>\n\t\t\t\t\t\t\t\t\t\t\t<\/div>\n\t\t\t\t<\/div>\n\t\t\t<\/div>\n\t\t\t<div class=\"elementor-flip-box__layer elementor-flip-box__back\">\n\t\t\t<div class=\"elementor-flip-box__layer__overlay\">\n\t\t\t\t<div class=\"elementor-flip-box__layer__inner\">\n\t\t\t\t\t\t\t\t\t\t\t<h1 class=\"elementor-flip-box__layer__title\">\n\t\t\t\t\t\t\tChevaux \/ Poulains \u00e0 vendre\t\t\t\t\t\t<\/h1>\n\t\t\t\t\t\n\t\t\t\t\t\n\t\t\t\t\t\t\t\t\t\t\t<a class=\"elementor-flip-box__button elementor-button elementor-size-xs\" href=\"https:\/\/haras.dutrianglevert.fr\/index.php\/nos-poulains\/\" target=\"_blank\">\n\t\t\t\t\t\t\tEn savoir plus\t\t\t\t\t\t<\/a>\n\t\t\t\t\t\t\t\t<\/div>\n\t\t<\/div>\n\t\t<\/div>\n\t\t<\/div>\n\t\t\t\t\t\t<\/div>\n\t\t\t\t<div class=\"elementor-element elementor-element-e30421b elementor-flip-box--direction-left elementor-flip-box--3d elementor-absolute elementor-widget__width-initial elementor-flip-box--effect-flip elementor-widget elementor-widget-flip-box\" data-id=\"e30421b\" data-element_type=\"widget\" data-e-type=\"widget\" data-settings=\"{&quot;_position&quot;:&quot;absolute&quot;}\" data-widget_type=\"flip-box.default\">\n\t\t\t\t\t\t\t<div class=\"elementor-flip-box\" tabindex=\"0\">\n\t\t\t<div class=\"elementor-flip-box__layer elementor-flip-box__front\">\n\t\t\t\t<div class=\"elementor-flip-box__layer__overlay\">\n\t\t\t\t\t<div class=\"elementor-flip-box__layer__inner\">\n\t\t\t\t\t\t\t\t\t\t\t\t\t<div class=\"elementor-flip-box__image\">\n\t\t\t\t\t\t\t\t<img decoding=\"async\" width=\"1600\" height=\"1200\" src=\"https:\/\/haras.dutrianglevert.fr\/wp-content\/uploads\/2025\/08\/Location-boxe.jpg\" class=\"attachment-full size-full wp-image-69\" alt=\"\" \/>\t\t\t\t\t\t\t<\/div>\n\t\t\t\t\t\t\n\t\t\t\t\t\t\t\t\t\t\t\t\t<h1 class=\"elementor-flip-box__layer__title\">\n\t\t\t\t\t\t\t\tLocation de boxes\t\t\t\t\t\t\t<\/h1>\n\t\t\t\t\t\t\n\t\t\t\t\t\t\t\t\t\t\t\t\t<div class=\"elementor-flip-box__layer__description\">\n\t\t\t\t\t\t\t\tGrands boxes spacieux et confortables \u00e0 louer ponctuellement. <br>Id\u00e9al lors de vos d\u00e9placements en concours ou en visite dans la r\u00e9gion.\t\t\t\t\t\t\t<\/div>\n\t\t\t\t\t\t\t\t\t\t\t<\/div>\n\t\t\t\t<\/div>\n\t\t\t<\/div>\n\t\t\t<div class=\"elementor-flip-box__layer elementor-flip-box__back\">\n\t\t\t<div class=\"elementor-flip-box__layer__overlay\">\n\t\t\t\t<div class=\"elementor-flip-box__layer__inner\">\n\t\t\t\t\t\t\t\t\t\t\t<h1 class=\"elementor-flip-box__layer__title\">\n\t\t\t\t\t\t\tLocation de boxes\t\t\t\t\t\t<\/h1>\n\t\t\t\t\t\n\t\t\t\t\t\n\t\t\t\t\t\t\t\t\t\t\t<a class=\"elementor-flip-box__button elementor-button elementor-size-xs\" href=\"https:\/\/haras.dutrianglevert.fr\/index.php\/boxes-a-louer\/\" target=\"_blank\">\n\t\t\t\t\t\t\tEn savoir plus\t\t\t\t\t\t<\/a>\n\t\t\t\t\t\t\t\t<\/div>\n\t\t<\/div>\n\t\t<\/div>\n\t\t<\/div>\n\t\t\t\t\t\t<\/div>\n\t\t\t\t<div class=\"elementor-element elementor-element-31e417c elementor-flip-box--direction-left elementor-flip-box--3d elementor-absolute elementor-widget__width-initial elementor-widget-mobile__width-initial elementor-flip-box--effect-flip elementor-widget elementor-widget-flip-box\" data-id=\"31e417c\" data-element_type=\"widget\" data-e-type=\"widget\" data-settings=\"{&quot;_position&quot;:&quot;absolute&quot;}\" data-widget_type=\"flip-box.default\">\n\t\t\t\t\t\t\t<div class=\"elementor-flip-box\" tabindex=\"0\">\n\t\t\t<div class=\"elementor-flip-box__layer elementor-flip-box__front\">\n\t\t\t\t<div class=\"elementor-flip-box__layer__overlay\">\n\t\t\t\t\t<div class=\"elementor-flip-box__layer__inner\">\n\t\t\t\t\t\t\t\t\t\t\t\t\t<div class=\"elementor-flip-box__image\">\n\t\t\t\t\t\t\t\t<img loading=\"lazy\" decoding=\"async\" width=\"150\" height=\"113\" src=\"https:\/\/haras.dutrianglevert.fr\/wp-content\/uploads\/2025\/08\/Boutique-ok.png\" class=\"attachment-thumbnail size-thumbnail wp-image-72\" alt=\"\" \/>\t\t\t\t\t\t\t<\/div>\n\t\t\t\t\t\t\n\t\t\t\t\t\t\t\t\t\t\t\t\t<h1 class=\"elementor-flip-box__layer__title\">\n\t\t\t\t\t\t\t\tBoutique en ligne\t\t\t\t\t\t\t<\/h1>\n\t\t\t\t\t\t\n\t\t\t\t\t\t\t\t\t\t\t\t\t<div class=\"elementor-flip-box__layer__description\">\n\t\t\t\t\t\t\t\tNous sommes distributeur depuis 15 ans de tout l\u2019\u00e9quipement cheval, cavalier et pour l\u2019\u00e9curie du groupe Waldhausen. <br>Une boutique en ligne pour commander est \u00e0 votre disposition.\t\t\t\t\t\t\t<\/div>\n\t\t\t\t\t\t\t\t\t\t\t<\/div>\n\t\t\t\t<\/div>\n\t\t\t<\/div>\n\t\t\t<div class=\"elementor-flip-box__layer elementor-flip-box__back\">\n\t\t\t<div class=\"elementor-flip-box__layer__overlay\">\n\t\t\t\t<div class=\"elementor-flip-box__layer__inner\">\n\t\t\t\t\t\t\t\t\t\t\t<h1 class=\"elementor-flip-box__layer__title\">\n\t\t\t\t\t\t\tBoutique en ligne\t\t\t\t\t\t<\/h1>\n\t\t\t\t\t\n\t\t\t\t\t\n\t\t\t\t\t\t\t\t\t\t\t<a class=\"elementor-flip-box__button elementor-button elementor-size-xs\" href=\"https:\/\/haras.dutrianglevert.fr\/index.php\/boutique\/\" target=\"_blank\">\n\t\t\t\t\t\t\tEn savoir plus\t\t\t\t\t\t<\/a>\n\t\t\t\t\t\t\t\t<\/div>\n\t\t<\/div>\n\t\t<\/div>\n\t\t<\/div>\n\t\t\t\t\t\t<\/div>\n\t\t\t\t<div class=\"elementor-element elementor-element-3d493e9 elementor-flip-box--direction-left elementor-flip-box--3d elementor-absolute elementor-widget__width-initial elementor-flip-box--effect-flip elementor-widget elementor-widget-flip-box\" data-id=\"3d493e9\" data-element_type=\"widget\" data-e-type=\"widget\" data-settings=\"{&quot;_position&quot;:&quot;absolute&quot;}\" data-widget_type=\"flip-box.default\">\n\t\t\t\t\t\t\t<div class=\"elementor-flip-box\" tabindex=\"0\">\n\t\t\t<div class=\"elementor-flip-box__layer elementor-flip-box__front\">\n\t\t\t\t<div class=\"elementor-flip-box__layer__overlay\">\n\t\t\t\t\t<div class=\"elementor-flip-box__layer__inner\">\n\t\t\t\t\t\t\t\t\t\t\t\t\t<div class=\"elementor-flip-box__image\">\n\t\t\t\t\t\t\t\t<img loading=\"lazy\" decoding=\"async\" width=\"150\" height=\"113\" src=\"https:\/\/haras.dutrianglevert.fr\/wp-content\/uploads\/2025\/08\/Giteok.png\" class=\"attachment-thumbnail size-thumbnail wp-image-73\" alt=\"\" \/>\t\t\t\t\t\t\t<\/div>\n\t\t\t\t\t\t\n\t\t\t\t\t\t\t\t\t\t\t\t\t<h1 class=\"elementor-flip-box__layer__title\">\n\t\t\t\t\t\t\t\tNos g\u00eetes\t\t\t\t\t\t\t<\/h1>\n\t\t\t\t\t\t\n\t\t\t\t\t\t\t\t\t\t\t\t\t<div class=\"elementor-flip-box__layer__description\">\n\t\t\t\t\t\t\t\tFin 2025 \/ D\u00e9but 2026, plusieurs g\u00eetes seront \u00e0 votre disposition lors de vos d\u00e9placements :<br>\u2013 Au Haras (\u00e0 23 min du P\u00f4le Europ\u00e9en \/ 10 min des 24h du Mans)<br>\u2013 Au nord du Mans (\u00e0 10 min du P\u00f4le Europ\u00e9en)\n\n\t\t\t\t\t\t\t<\/div>\n\t\t\t\t\t\t\t\t\t\t\t<\/div>\n\t\t\t\t<\/div>\n\t\t\t<\/div>\n\t\t\t<div class=\"elementor-flip-box__layer elementor-flip-box__back\">\n\t\t\t<div class=\"elementor-flip-box__layer__overlay\">\n\t\t\t\t<div class=\"elementor-flip-box__layer__inner\">\n\t\t\t\t\t\t\t\t\t\t\t<h1 class=\"elementor-flip-box__layer__title\">\n\t\t\t\t\t\t\tNos g\u00eetes\t\t\t\t\t\t<\/h1>\n\t\t\t\t\t\n\t\t\t\t\t\n\t\t\t\t\t\t\t\t\t\t\t<a class=\"elementor-flip-box__button elementor-button elementor-size-xs\" href=\"https:\/\/haras.dutrianglevert.fr\/index.php\/nos-gites\/\" target=\"_blank\">\n\t\t\t\t\t\t\tEn savoir plus\t\t\t\t\t\t<\/a>\n\t\t\t\t\t\t\t\t<\/div>\n\t\t<\/div>\n\t\t<\/div>\n\t\t<\/div>\n\t\t\t\t\t\t<\/div>\n\t\t\t\t<\/div>\n\t\t\t\t<\/div>\n\t\t<div class=\"elementor-element elementor-element-cdc0b68 e-con-full elementor-hidden-mobile e-flex e-con e-parent\" data-id=\"cdc0b68\" data-element_type=\"container\" data-e-type=\"container\">\n\t\t\t\t<div class=\"elementor-element elementor-element-697312b elementor-fixed elementor-view-default elementor-invisible elementor-widget elementor-widget-icon\" data-id=\"697312b\" data-element_type=\"widget\" data-e-type=\"widget\" data-settings=\"{&quot;_position&quot;:&quot;fixed&quot;,&quot;_animation&quot;:&quot;fadeInUp&quot;}\" data-widget_type=\"icon.default\">\n\t\t\t\t\t\t\t<div class=\"elementor-icon-wrapper\">\n\t\t\t<a class=\"elementor-icon\" href=\"#top\">\n\t\t\t<svg aria-hidden=\"true\" class=\"e-font-icon-svg e-fas-arrow-alt-circle-up\" viewBox=\"0 0 512 512\" xmlns=\"http:\/\/www.w3.org\/2000\/svg\"><path d=\"M8 256C8 119 119 8 256 8s248 111 248 248-111 248-248 248S8 393 8 256zm292 116V256h70.9c10.7 0 16.1-13 8.5-20.5L264.5 121.2c-4.7-4.7-12.2-4.7-16.9 0l-115 114.3c-7.6 7.6-2.2 20.5 8.5 20.5H212v116c0 6.6 5.4 12 12 12h64c6.6 0 12-5.4 12-12z\"><\/path><\/svg>\t\t\t<\/a>\n\t\t<\/div>\n\t\t\t\t\t\t<\/div>\n\t\t\t\t<\/div>\n\t\t<div class=\"elementor-element elementor-element-c92f4b2 e-flex e-con-boxed e-con e-parent\" data-id=\"c92f4b2\" data-element_type=\"container\" data-e-type=\"container\" data-settings=\"{&quot;background_background&quot;:&quot;classic&quot;}\">\n\t\t\t\t\t<div class=\"e-con-inner\">\n\t\t\t\t<div class=\"elementor-element elementor-element-7dcdb57 elementor-widget elementor-widget-text-editor\" data-id=\"7dcdb57\" data-element_type=\"widget\" data-e-type=\"widget\" data-widget_type=\"text-editor.default\">\n\t\t\t\t\t\t\t\t\t<h3>\ud83d\udc34 La vie du Haras du Triangle Vert, jour apr\u00e8s jour<\/h3><p>\ud83d\udcf8 Retrouvez ici <strong>nos derni\u00e8res actualit\u00e9s<\/strong>, nos chevaux \ud83d\udc0e et les moments qui rythment notre quotidien \ud83c\udf3f<\/p><p>\ud83d\udc49 Cliquez sur les publications pour nous retrouver sur <strong>nos r\u00e9seaux sociaux<\/strong> \u2728<\/p>\t\t\t\t\t\t\t\t<\/div>\n\t\t\t\t\t<\/div>\n\t\t\t\t<\/div>\n\t\t<div class=\"elementor-element elementor-element-2dd400f e-flex e-con-boxed e-con e-parent\" data-id=\"2dd400f\" data-element_type=\"container\" data-e-type=\"container\">\n\t\t\t\t\t<div class=\"e-con-inner\">\n\t\t\t\t<div class=\"elementor-element elementor-element-7fa0d4d elementor-widget elementor-widget-shortcode\" data-id=\"7fa0d4d\" data-element_type=\"widget\" data-e-type=\"widget\" data-widget_type=\"shortcode.default\">\n\t\t\t\t\t\t\t<div class=\"elementor-shortcode\"><div class=\"juicer-feed\" data-feed-id=\"https-www-instagram-com-haras_du_triangle_vert\"><\/div><\/div>\n\t\t\t\t\t\t<\/div>\n\t\t\t\t\t<\/div>\n\t\t\t\t<\/div>\n\t\t\t\t<\/div>\n\t\t","protected":false},"excerpt":{"rendered":"<p>https:\/\/haras.dutrianglevert.fr\/wp-content\/uploads\/2025\/12\/Video-presentation-accueil.mp4 Chevaux \/ Poulains \u00e0 vendre Nous proposons des chevaux de sport ainsi que des poulains de qualit\u00e9 en Dressage, \u00e0 r\u00e9server d\u00e8s leur naissance. Chevaux \/ Poulains \u00e0 vendre En savoir plus Location de boxes Grands boxes spacieux et confortables \u00e0 louer ponctuellement. Id\u00e9al lors de vos d\u00e9placements en concours ou en visite dans [&hellip;]<\/p>\n","protected":false},"author":1,"featured_media":0,"parent":0,"menu_order":0,"comment_status":"closed","ping_status":"closed","template":"","meta":{"footnotes":""},"class_list":["post-11","page","type-page","status-publish","hentry"],"_links":{"self":[{"href":"https:\/\/haras.dutrianglevert.fr\/index.php\/wp-json\/wp\/v2\/pages\/11","targetHints":{"allow":["GET"]}}],"collection":[{"href":"https:\/\/haras.dutrianglevert.fr\/index.php\/wp-json\/wp\/v2\/pages"}],"about":[{"href":"https:\/\/haras.dutrianglevert.fr\/index.php\/wp-json\/wp\/v2\/types\/page"}],"author":[{"embeddable":true,"href":"https:\/\/haras.dutrianglevert.fr\/index.php\/wp-json\/wp\/v2\/users\/1"}],"replies":[{"embeddable":true,"href":"https:\/\/haras.dutrianglevert.fr\/index.php\/wp-json\/wp\/v2\/comments?post=11"}],"version-history":[{"count":322,"href":"https:\/\/haras.dutrianglevert.fr\/index.php\/wp-json\/wp\/v2\/pages\/11\/revisions"}],"predecessor-version":[{"id":2086,"href":"https:\/\/haras.dutrianglevert.fr\/index.php\/wp-json\/wp\/v2\/pages\/11\/revisions\/2086"}],"wp:attachment":[{"href":"https:\/\/haras.dutrianglevert.fr\/index.php\/wp-json\/wp\/v2\/media?parent=11"}],"curies":[{"name":"wp","href":"https:\/\/api.w.org\/{rel}","templated":true}]}}